{"id":165,"date":"2020-06-23T02:00:02","date_gmt":"2020-06-23T00:00:02","guid":{"rendered":"https:\/\/incyt.url.edu.gt\/museo-virtual\/?page_id=165"},"modified":"2021-01-08T12:57:28","modified_gmt":"2021-01-08T18:57:28","slug":"acerca-del-museo","status":"publish","type":"page","link":"https:\/\/incyt.url.edu.gt\/museo-virtual\/?page_id=165","title":{"rendered":"Acerca del Museo"},"content":{"rendered":"<div class=\"vce-row-container\" data-vce-boxed-width=\"true\"><div class=\"vce-row vce-row--col-gap-30 vce-row-columns--top vce-row-content--top\" id=\"el-1a2ca41b\" data-vce-do-apply=\"all el-1a2ca41b\"><div class=\"vce-row-content\" data-vce-element-content=\"true\"><div class=\"vce-col vce-col--md-auto vce-col--xs-1 vce-col--xs-last vce-col--xs-first vce-col--sm-last vce-col--sm-first vce-col--md-last vce-col--lg-last vce-col--xl-last vce-col--md-first vce-col--lg-first vce-col--xl-first\" id=\"el-22f1b2c5\"><div class=\"vce-col-inner\" data-vce-do-apply=\"border margin background  el-22f1b2c5\"><div class=\"vce-col-content\" data-vce-element-content=\"true\" data-vce-do-apply=\"padding el-22f1b2c5\"><div class=\"vce-text-block\"><div class=\"vce-text-block-wrapper vce\" id=\"el-63320ccc\" data-vce-do-apply=\"all el-63320ccc\"><p style=\"margin-bottom: 0cm;\" align=\"justify\">El internet y la aplicaci\u00f3n contempor\u00e1nea de tecnolog\u00edas de georreferenciaci\u00f3n y geolocalizaci\u00f3n han permitido ampliar la forma de difundir y hacer accesible toda la documentaci\u00f3n cartogr\u00e1fica y fotogr\u00e1fica almacenada en archivos, bibliotecas, cartotecas, museos, institutos geogr\u00e1ficos y otras instituciones afines, as\u00ed como bienes muebles e inmuebles que a trav\u00e9s de realidad virtual pueden visualizarse desde cualquier lugar. Por medio de dicha tecnolog\u00eda se desarroll\u00f3 el portal web <em>Museo Virtual de Patrimonio de la Universidad Rafael Land\u00edvar<\/em> en el que se publicar\u00e1 la enorme cantidad de informaci\u00f3n que se pueda generar con el inventario del patrimonio art\u00edstico de la universidad (Artes Land\u00edvar, Direcci\u00f3n General de Desarrollo Estudiantil), diversas investigaciones elaboradas en el INCYT (VRIP) y tesis de diferentes carreras de la universidad (VRAC). Este medio ofrece muchas opciones para la difusi\u00f3n del conocimiento, a trav\u00e9s de \u00e9l se espera divulgar las diferentes manifestaciones del patrimonio cultural, tangible e intangible, de la Universidad Rafael Land\u00edvar, del legado de la Compa\u00f1\u00eda de Jes\u00fas y de todo el pa\u00eds. Para poner en marcha el museo virtual durante el 2020 se est\u00e1 comenzando a desarrollar el contenido (escrito, gr\u00e1fico y multimedia) as\u00ed como la p\u00e1gina WEB que albergar\u00e1 toda la documentaci\u00f3n.<\/p><p align=\"justify\"><\/p><p style=\"margin-bottom: 0cm; letter-spacing: inherit;\" align=\"justify\"><strong>I<\/strong><strong>nvestigadores INCYT: <\/strong>Cecilia Zurita, Jos\u00e9 Luis M\u00e9ndez, Steven Gonz\u00e1lez, Edson Hern\u00e1ndez<\/p><div><div data-tid=\"messageBodyContainer\"><div data-tid=\"messageBodyContent\"><div><div><p><strong>Centro virtual de patrimonio Artes Land\u00edvar: <\/strong>Luisa Mar\u00eda Vel\u00e1squez<\/p><\/div><\/div><\/div><\/div><\/div><p style=\"margin-bottom: 0cm;\" align=\"justify\"><strong>Auxiliares de investigaci\u00f3n<\/strong>: Francisco Alonzo, Daniel Man<\/p><\/div><\/div><\/div><\/div><\/div><\/div><\/div><\/div>\n","protected":false},"excerpt":{"rendered":"<p>El internet y la aplicaci\u00f3n contempor\u00e1nea de tecnolog\u00edas de georreferenciaci\u00f3n y geolocalizaci\u00f3n han permitido ampliar la forma de difundir y hacer accesible toda la documentaci\u00f3n cartogr\u00e1fica y fotogr\u00e1fica almacenada en archivos, bibliotecas, cartotecas, museos, institutos geogr\u00e1ficos y otras instituciones afines, as\u00ed como bienes muebles e inmuebles que a trav\u00e9s de [&hellip;]<\/p>\n","protected":false},"author":0,"featured_media":0,"parent":0,"menu_order":0,"comment_status":"closed","ping_status":"closed","template":"","meta":{"_links_to":"","_links_to_target":""},"_links":{"self":[{"href":"https:\/\/incyt.url.edu.gt\/museo-virtual\/index.php?rest_route=\/wp\/v2\/pages\/165"}],"collection":[{"href":"https:\/\/incyt.url.edu.gt\/museo-virtual\/index.php?rest_route=\/wp\/v2\/pages"}],"about":[{"href":"https:\/\/incyt.url.edu.gt\/museo-virtual\/index.php?rest_route=\/wp\/v2\/types\/page"}],"replies":[{"embeddable":true,"href":"https:\/\/incyt.url.edu.gt\/museo-virtual\/index.php?rest_route=%2Fwp%2Fv2%2Fcomments&post=165"}],"version-history":[{"count":7,"href":"https:\/\/incyt.url.edu.gt\/museo-virtual\/index.php?rest_route=\/wp\/v2\/pages\/165\/revisions"}],"predecessor-version":[{"id":384,"href":"https:\/\/incyt.url.edu.gt\/museo-virtual\/index.php?rest_route=\/wp\/v2\/pages\/165\/revisions\/384"}],"wp:attachment":[{"href":"https:\/\/incyt.url.edu.gt\/museo-virtual\/index.php?rest_route=%2Fwp%2Fv2%2Fmedia&parent=165"}],"curies":[{"name":"wp","href":"https:\/\/api.w.org\/{rel}","templated":true}]}}