{"id":398,"date":"2021-03-17T15:16:46","date_gmt":"2021-03-17T21:16:46","guid":{"rendered":"https:\/\/incyt.url.edu.gt\/museo-virtual\/?page_id=398"},"modified":"2022-02-16T19:20:32","modified_gmt":"2022-02-17T01:20:32","slug":"borrador-automatico","status":"publish","type":"page","link":"https:\/\/incyt.url.edu.gt\/museo-virtual\/?page_id=398","title":{"rendered":"GlosariArte"},"content":{"rendered":"\n<div id=\"hg-uid\" class=\"wp-block-htgb-block-glossary is-style-default hg-glossary\"><div class=\"hg-glossary__header\"><div class=\"hg-search\"><input data-role=\"hg-search-input\" placeholder=\"Search the Glossary...\"\/><\/div><div class=\"hg-nav\"><a class=\"htgb_active_nav\" data-role=\"hg-nav-selectable\" href=\"#all\" data-name=\"all\">All<\/a><a href=\"#A\" data-name=\"A\" data-role=\"hg-nav-selectable\" class=\"\">A<\/a><a href=\"#C\" data-name=\"C\" data-role=\"hg-nav-selectable\" class=\"\">C<\/a><a href=\"#E\" data-name=\"E\" data-role=\"hg-nav-selectable\" class=\"\">E<\/a><a href=\"#F\" data-name=\"F\" data-role=\"hg-nav-selectable\" class=\"\">F<\/a><a href=\"#G\" data-name=\"G\" data-role=\"hg-nav-selectable\" class=\"\">G<\/a><a href=\"#K\" data-name=\"K\" data-role=\"hg-nav-selectable\" class=\"\">K<\/a><a href=\"#L\" data-name=\"L\" data-role=\"hg-nav-selectable\" class=\"\">L<\/a><a href=\"#M\" data-name=\"M\" data-role=\"hg-nav-selectable\" class=\"\">M<\/a><a href=\"#N\" data-name=\"N\" data-role=\"hg-nav-selectable\" class=\"\">N<\/a><a href=\"#O\" data-name=\"O\" data-role=\"hg-nav-selectable\" class=\"\">O<\/a><a href=\"#P\" data-name=\"P\" data-role=\"hg-nav-selectable\" class=\"\">P<\/a><a href=\"#R\" data-name=\"R\" data-role=\"hg-nav-selectable\" class=\"\">R<\/a><a href=\"#T\" data-name=\"T\" data-role=\"hg-nav-selectable\" class=\"\">T<\/a><\/div><\/div><div class=\"hg-content\"><div class=\"hg-letter-section\" data-role=\"hg-section\"><span class=\"hg-content__letter\" data-role=\"hg-section-letter\">A<\/span><dl class=\"hg-item\" data-role=\"hg-item\"><dt class=\"hg-item-title\" data-role=\"hg-item-title\">Abstracci\u00f3n<\/dt><dd class=\"hg-item-description\" data-role=\"hg-item-description\">Acci\u00f3n y\/o de abstraerse, es decir, separar un elemento de su contexto para analizarlo y construir un concepto de este.<\/dd><\/dl><dl class=\"hg-item\" data-role=\"hg-item\"><dt class=\"hg-item-title\" data-role=\"hg-item-title\">Acr\u00edlico<\/dt><dd class=\"hg-item-description\" data-role=\"hg-item-description\">Es un material qu\u00edmico que obtiene por polimerizaci\u00f3n del \u00e1cido acr\u00edlico o de sus derivados. Se utiliza tambi\u00e9n como pintura acr\u00edlica.<\/dd><\/dl><dl class=\"hg-item\" data-role=\"hg-item\"><dt class=\"hg-item-title\" data-role=\"hg-item-title\">Acuarela<\/dt><dd class=\"hg-item-description\" data-role=\"hg-item-description\">Se refiere a una t\u00e9cnica art\u00edstica, pero tambi\u00e9n se refiere a un tipo de pintura que se diluye en agua y se plasma en papel o cart\u00f3n.<\/dd><\/dl><dl class=\"hg-item\" data-role=\"hg-item\"><dt class=\"hg-item-title\" data-role=\"hg-item-title\">Arte<\/dt><dd class=\"hg-item-description\" data-role=\"hg-item-description\">Manifestaci\u00f3n de la actividad humana mediante la cual se interpreta lo real o se plasma lo imaginado con recursos pl\u00e1sticos, ling\u00fcisticos o sonoros.<\/dd><\/dl><dl class=\"hg-item\" data-role=\"hg-item\"><dt class=\"hg-item-title\" data-role=\"hg-item-title\">Autodidacta<\/dt><dd class=\"hg-item-description\" data-role=\"hg-item-description\">Que se instruye por si mismo.<\/dd><\/dl><\/div><div class=\"hg-letter-section\" data-role=\"hg-section\"><span class=\"hg-content__letter\" data-role=\"hg-section-letter\">C<\/span><dl class=\"hg-item\" data-role=\"hg-item\"><dt class=\"hg-item-title\" data-role=\"hg-item-title\">Cerro Alux<\/dt><dd class=\"hg-item-description\" data-role=\"hg-item-description\">Es una reserva ecol\u00f3gica y \u00e1rea protegida, la m\u00e1s grande del \u00e1rea metropolitana, se ubica en el km. 26 de la Ciudad de Guatemala.<\/dd><\/dl><dl class=\"hg-item\" data-role=\"hg-item\"><dt class=\"hg-item-title\" data-role=\"hg-item-title\">Colores c\u00e1lidos<\/dt><dd class=\"hg-item-description\" data-role=\"hg-item-description\">Gama de colores que en la que el rojo es el color m\u00e1s fuerte y se complementa con tonalidades entre el amarillo, anaranjado y los distintos tipos de ocre.<\/dd><\/dl><dl class=\"hg-item\" data-role=\"hg-item\"><dt class=\"hg-item-title\" data-role=\"hg-item-title\">Composici\u00f3n<\/dt><dd class=\"hg-item-description\" data-role=\"hg-item-description\">Arte de agrupar las figuras y combinar los elementos necesarios para conseguir una obra pl\u00e1stica lo m\u00e1s armonioso y equilibrada posible.<\/dd><\/dl><dl class=\"hg-item\" data-role=\"hg-item\"><dt class=\"hg-item-title\" data-role=\"hg-item-title\">Concreto<\/dt><dd class=\"hg-item-description\" data-role=\"hg-item-description\">Material de construcci\u00f3n constituido por una mezcla de agua, arena, grava y cemento, conocida tambi\u00e9n como hormig\u00f3n.<\/dd><\/dl><\/div><div class=\"hg-letter-section\" data-role=\"hg-section\"><span class=\"hg-content__letter\" data-role=\"hg-section-letter\">E<\/span><dl class=\"hg-item\" data-role=\"hg-item\"><dt class=\"hg-item-title\" data-role=\"hg-item-title\">Elementos marinos<\/dt><dd class=\"hg-item-description\" data-role=\"hg-item-description\">Se refiere a seres vivos que habitan en el mar.<\/dd><\/dl><dl class=\"hg-item\" data-role=\"hg-item\"><dt class=\"hg-item-title\" data-role=\"hg-item-title\">Escultura<\/dt><dd class=\"hg-item-description\" data-role=\"hg-item-description\">Arte de modelar, tallar o esculpir figuras en tres dimensiones en algunos materiales.<\/dd><\/dl><dl class=\"hg-item\" data-role=\"hg-item\"><dt class=\"hg-item-title\" data-role=\"hg-item-title\">Estructura<\/dt><dd class=\"hg-item-description\" data-role=\"hg-item-description\">Disposici\u00f3n o modo de estar relacionadas las distintas partes de un conjunto.<\/dd><\/dl><dl class=\"hg-item\" data-role=\"hg-item\"><dt class=\"hg-item-title\" data-role=\"hg-item-title\">Exposici\u00f3n<\/dt><dd class=\"hg-item-description\" data-role=\"hg-item-description\">Es el espacio dedicado a mostrar obras, en este caso pict\u00f3ricas, donde se dan a conocer al p\u00fablico, esta puede ser temporal o permanente.<\/dd><\/dl><dl class=\"hg-item\" data-role=\"hg-item\"><dt class=\"hg-item-title\" data-role=\"hg-item-title\">Extinci\u00f3n<\/dt><dd class=\"hg-item-description\" data-role=\"hg-item-description\">Hacer que cesen o se acaben del todo ciertas cosas que desaparecen gradualmente.<\/dd><\/dl><\/div><div class=\"hg-letter-section\" data-role=\"hg-section\"><span class=\"hg-content__letter\" data-role=\"hg-section-letter\">F<\/span><dl class=\"hg-item\" data-role=\"hg-item\"><dt class=\"hg-item-title\" data-role=\"hg-item-title\">Flexibilidiad<\/dt><dd class=\"hg-item-description\" data-role=\"hg-item-description\">que se adapta con facilidad, a voluntad o la actitud. Que no se sujeta a normas estrictas o a dogmas. Susceptible a cambios o variaciones.<\/dd><\/dl><dl class=\"hg-item\" data-role=\"hg-item\"><dt class=\"hg-item-title\" data-role=\"hg-item-title\">Fragmento<\/dt><dd class=\"hg-item-description\" data-role=\"hg-item-description\">Parte peque\u00f1a, extra\u00edda o conservada de una obra.<\/dd><\/dl><\/div><div class=\"hg-letter-section\" data-role=\"hg-section\"><span class=\"hg-content__letter\" data-role=\"hg-section-letter\">G<\/span><dl class=\"hg-item\" data-role=\"hg-item\"><dt class=\"hg-item-title\" data-role=\"hg-item-title\">Galer\u00eda<\/dt><dd class=\"hg-item-description\" data-role=\"hg-item-description\">Se refiere a un lugar con salas intercomunicadas, donde se exponen obras de arte.<\/dd><\/dl><dl class=\"hg-item\" data-role=\"hg-item\"><dt class=\"hg-item-title\" data-role=\"hg-item-title\">Geometr\u00eda<\/dt><dd class=\"hg-item-description\" data-role=\"hg-item-description\">Estudio de las propiedades y de las magnitudes de las figuras en el plano o en el espacio.<\/dd><\/dl><dl class=\"hg-item\" data-role=\"hg-item\"><dt class=\"hg-item-title\" data-role=\"hg-item-title\">Geometr\u00eda del espacio<\/dt><dd class=\"hg-item-description\" data-role=\"hg-item-description\">Parte de la geometr\u00eda que considera las figuras tridimensionales.<\/dd><\/dl><dl class=\"hg-item\" data-role=\"hg-item\"><dt class=\"hg-item-title\" data-role=\"hg-item-title\">Geometr\u00eda plana<\/dt><dd class=\"hg-item-description\" data-role=\"hg-item-description\">Parte de la geometr\u00eda que considera las figuras cuyos puntos est\u00e1n todos en un plano.<\/dd><\/dl><dl class=\"hg-item\" data-role=\"hg-item\"><dt class=\"hg-item-title\" data-role=\"hg-item-title\">Grabado<\/dt><dd class=\"hg-item-description\" data-role=\"hg-item-description\">Estampa obtenida por medio de la impresi\u00f3n de planchas.<\/dd><\/dl><dl class=\"hg-item\" data-role=\"hg-item\"><dt class=\"hg-item-title\" data-role=\"hg-item-title\">G\u00fcipil<\/dt><dd class=\"hg-item-description\" data-role=\"hg-item-description\">Parte superior de la indumentaria maya femenina.<\/dd><\/dl><\/div><div class=\"hg-letter-section\" data-role=\"hg-section\"><span class=\"hg-content__letter\" data-role=\"hg-section-letter\">K<\/span><dl class=\"hg-item\" data-role=\"hg-item\"><dt class=\"hg-item-title\" data-role=\"hg-item-title\">Kaqchikel<\/dt><dd class=\"hg-item-description\" data-role=\"hg-item-description\">Grupo maya del occidente de Guatemala.<\/dd><\/dl><\/div><div class=\"hg-letter-section\" data-role=\"hg-section\"><span class=\"hg-content__letter\" data-role=\"hg-section-letter\">L<\/span><dl class=\"hg-item\" data-role=\"hg-item\"><dt class=\"hg-item-title\" data-role=\"hg-item-title\">Ladrillo<\/dt><dd class=\"hg-item-description\" data-role=\"hg-item-description\">Pieza de arcilla cocida, en forma rectangular. Sus medidas est\u00e1ndar en Guatemala son: 29 cm de largo por 14 cm de ancho y 6.5 cm de grosor.<\/dd><\/dl><dl class=\"hg-item\" data-role=\"hg-item\"><dt class=\"hg-item-title\" data-role=\"hg-item-title\">Lagarto de Gila<\/dt><dd class=\"hg-item-description\" data-role=\"hg-item-description\">Conocido tambi\u00e9n como &#8220;El monstruo de Gila&#8221; es una de los dos \u00fanicas especies de saurios venenosos en el mundo, sus movimientos son lentos, de naturaleza pasiva y llega  a medir 60 cm.<\/dd><\/dl><\/div><div class=\"hg-letter-section\" data-role=\"hg-section\"><span class=\"hg-content__letter\" data-role=\"hg-section-letter\">M<\/span><dl class=\"hg-item\" data-role=\"hg-item\"><dt class=\"hg-item-title\" data-role=\"hg-item-title\">Muralismo<\/dt><dd class=\"hg-item-description\" data-role=\"hg-item-description\">se refiere al arte o t\u00e9cnica de pintura mural, es decir al arte de pintar sobre un muro o pared, por lo general con fines decorativos<\/dd><\/dl><\/div><div class=\"hg-letter-section\" data-role=\"hg-section\"><span class=\"hg-content__letter\" data-role=\"hg-section-letter\">N<\/span><dl class=\"hg-item\" data-role=\"hg-item\"><dt class=\"hg-item-title\" data-role=\"hg-item-title\">Naturaleza<\/dt><dd class=\"hg-item-description\" data-role=\"hg-item-description\">conjunto de todo lo que existe y que est\u00e1 determinado y armonizado en sus propias leyes.<br>Traba: ligaduras que atan, cosa que impide o estorba la f\u00e1cil ejecuci\u00f3n de otra<\/dd><\/dl><dl class=\"hg-item\" data-role=\"hg-item\"><dt class=\"hg-item-title\" data-role=\"hg-item-title\">No Figurativo<\/dt><dd class=\"hg-item-description\" data-role=\"hg-item-description\">Arte abstracto, es decir que el artista crea la imagen, no la copia ni la representa.<\/dd><\/dl><\/div><div class=\"hg-letter-section\" data-role=\"hg-section\"><span class=\"hg-content__letter\" data-role=\"hg-section-letter\">O<\/span><dl class=\"hg-item\" data-role=\"hg-item\"><dt class=\"hg-item-title\" data-role=\"hg-item-title\">Oda<\/dt><dd class=\"hg-item-description\" data-role=\"hg-item-description\">Composici\u00f3n po\u00e9tica l\u00edrica de tono elevado, que generalmente ensalza algo o a alguien.<\/dd><\/dl><\/div><div class=\"hg-letter-section\" data-role=\"hg-section\"><span class=\"hg-content__letter\" data-role=\"hg-section-letter\">P<\/span><dl class=\"hg-item\" data-role=\"hg-item\"><dt class=\"hg-item-title\" data-role=\"hg-item-title\">PVC<\/dt><dd class=\"hg-item-description\" data-role=\"hg-item-description\">Las siglas significan policloruro de vinilo, y es una combinaci\u00f3n qu\u00edmica de carbono, hidr\u00f3geno y cloro. Sus componentes provienen del petr\u00f3leo bruto (43%) y de la sal (57%).<\/dd><\/dl><dl class=\"hg-item\" data-role=\"hg-item\"><dt class=\"hg-item-title\" data-role=\"hg-item-title\">Pintura Mural<\/dt><dd class=\"hg-item-description\" data-role=\"hg-item-description\">Se refiere a obras desarrolladas en grandes formatos, que utilizan como soporte una pared o muro.<\/dd><\/dl><dl class=\"hg-item\" data-role=\"hg-item\"><dt class=\"hg-item-title\" data-role=\"hg-item-title\">Poema<\/dt><dd class=\"hg-item-description\" data-role=\"hg-item-description\">Composici\u00f3n literaria en prosa que utiliza recursos propios de la poes\u00eda.<\/dd><\/dl><\/div><div class=\"hg-letter-section\" data-role=\"hg-section\"><span class=\"hg-content__letter\" data-role=\"hg-section-letter\">R<\/span><dl class=\"hg-item\" data-role=\"hg-item\"><dt class=\"hg-item-title\" data-role=\"hg-item-title\">Rombo<\/dt><dd class=\"hg-item-description\" data-role=\"hg-item-description\">Figura geom\u00e9trica de cuatro lados, con dos \u00e1ngulos obtusos y dos agudos.<\/dd><\/dl><\/div><div class=\"hg-letter-section\" data-role=\"hg-section\"><span class=\"hg-content__letter\" data-role=\"hg-section-letter\">T<\/span><dl class=\"hg-item\" data-role=\"hg-item\"><dt class=\"hg-item-title\" data-role=\"hg-item-title\">Tejidos t\u00edpicos<\/dt><dd class=\"hg-item-description\" data-role=\"hg-item-description\">Producto textil que hace referencia a una regi\u00f3n y\/o pueblo maya guatemalteco.<\/dd><\/dl><dl class=\"hg-item\" data-role=\"hg-item\"><dt class=\"hg-item-title\" data-role=\"hg-item-title\">Tinta China<\/dt><dd class=\"hg-item-description\" data-role=\"hg-item-description\">L\u00edquido coloreado que se emplea para escribir o dibujar, mediante un instrumento apropiado.<\/dd><\/dl><dl class=\"hg-item\" data-role=\"hg-item\"><dt class=\"hg-item-title\" data-role=\"hg-item-title\">Traba<\/dt><dd class=\"hg-item-description\" data-role=\"hg-item-description\">ligaduras que atan, cosa que impide o estorba la f\u00e1cil ejecuci\u00f3n de otra.<\/dd><\/dl><\/div><\/div><\/div>\n\n\n\n<p><\/p>\n","protected":false},"excerpt":{"rendered":"","protected":false},"author":1,"featured_media":0,"parent":0,"menu_order":0,"comment_status":"closed","ping_status":"closed","template":"page-templates\/template-fullwidth.php","meta":{"_links_to":"","_links_to_target":""},"_links":{"self":[{"href":"https:\/\/incyt.url.edu.gt\/museo-virtual\/index.php?rest_route=\/wp\/v2\/pages\/398"}],"collection":[{"href":"https:\/\/incyt.url.edu.gt\/museo-virtual\/index.php?rest_route=\/wp\/v2\/pages"}],"about":[{"href":"https:\/\/incyt.url.edu.gt\/museo-virtual\/index.php?rest_route=\/wp\/v2\/types\/page"}],"author":[{"embeddable":true,"href":"https:\/\/incyt.url.edu.gt\/museo-virtual\/index.php?rest_route=\/wp\/v2\/users\/1"}],"replies":[{"embeddable":true,"href":"https:\/\/incyt.url.edu.gt\/museo-virtual\/index.php?rest_route=%2Fwp%2Fv2%2Fcomments&post=398"}],"version-history":[{"count":22,"href":"https:\/\/incyt.url.edu.gt\/museo-virtual\/index.php?rest_route=\/wp\/v2\/pages\/398\/revisions"}],"predecessor-version":[{"id":1226,"href":"https:\/\/incyt.url.edu.gt\/museo-virtual\/index.php?rest_route=\/wp\/v2\/pages\/398\/revisions\/1226"}],"wp:attachment":[{"href":"https:\/\/incyt.url.edu.gt\/museo-virtual\/index.php?rest_route=%2Fwp%2Fv2%2Fmedia&parent=398"}],"curies":[{"name":"wp","href":"https:\/\/api.w.org\/{rel}","templated":true}]}}