{"id":539,"date":"2021-06-07T11:47:35","date_gmt":"2021-06-07T17:47:35","guid":{"rendered":"https:\/\/incyt.url.edu.gt\/museo-virtual\/?page_id=539"},"modified":"2021-06-07T11:47:35","modified_gmt":"2021-06-07T17:47:35","slug":"borrador-automatico-3","status":"publish","type":"page","link":"https:\/\/incyt.url.edu.gt\/museo-virtual\/?page_id=539","title":{"rendered":"Autores"},"content":{"rendered":"<div class=\"vce-row-container\" data-vce-boxed-width=\"true\"><div class=\"vce-row vce-row--col-gap-30 vce-row-equal-height vce-row-content--top\" id=\"el-a81ee172\" data-vce-do-apply=\"all el-a81ee172\"><div class=\"vce-row-content\" data-vce-element-content=\"true\"><div class=\"vce-col vce-col--md-auto vce-col--xs-1 vce-col--xs-last vce-col--xs-first vce-col--sm-last vce-col--sm-first vce-col--md-last vce-col--lg-last vce-col--xl-last vce-col--md-first vce-col--lg-first vce-col--xl-first\" id=\"el-cedcd940\"><div class=\"vce-col-inner\" data-vce-do-apply=\"border margin background  el-cedcd940\"><div class=\"vce-col-content\" data-vce-element-content=\"true\" data-vce-do-apply=\"padding el-cedcd940\"><div class=\"vce-shortcode\"><div class=\"vce-shortcode-wrapper vce\" id=\"el-4db9d2f3\" data-vce-do-apply=\"all el-4db9d2f3\"><div class=\"pt-cv-wrapper\"><div class=\"pt-cv-view pt-cv-collapsible\" id=\"pt-cv-view-d6259cfu6k\"><div data-id=\"pt-cv-page-1\" class=\"pt-cv-page\" data-cvc=\"1\"><div class=\"panel-group\" id=\"758b7f2uls\"><div class=\"panel panel-default pt-cv-content-item pt-cv-1-col\" >\r\n<div class=\"panel-heading\">\r\n    <a class=\"panel-title\" data-toggle=\"cvcollapse\" data-parent=\"#758b7f2uls\" data-target=\"#e69d751g2x\" href='https:\/\/incyt.url.edu.gt\/museo-virtual\/?p=492' onclick='event.preventDefault()'>\r\n\t\tDagoberto V\u00e1squez\t<\/a>\r\n\t<\/div>\r\n<div id=\"e69d751g2x\" class=\"panel-collapse collapse in\">\r\n\t<div class=\"panel-body\">\r\n\t\t<div class=\"pt-cv-content\">Naci\u00f3n en Guatemala el 2 de octubre de 1922, escultor, pintor y grabador. Estudi\u00f3 en la Academia de Bellas Artes, ...<br \/><a href=\"https:\/\/incyt.url.edu.gt\/museo-virtual\/?p=492\" class=\"_self pt-cv-readmore btn btn-success\" target=\"_self\">Leer M\u00e1s<\/a><\/div>\t<\/div>\r\n<\/div><\/div>\n<div class=\"panel panel-default pt-cv-content-item pt-cv-1-col\" >\r\n<div class=\"panel-heading\">\r\n    <a class=\"panel-title\" data-toggle=\"cvcollapse\" data-parent=\"#758b7f2uls\" data-target=\"#64f631crje\" href='https:\/\/incyt.url.edu.gt\/museo-virtual\/?p=1222' onclick='event.preventDefault()'>\r\n\t\tDANNA NASSER\t<\/a>\r\n\t<\/div>\r\n<div id=\"64f631crje\" class=\"panel-collapse collapse \">\r\n\t<div class=\"panel-body\">\r\n\t\t<div class=\"pt-cv-content\">Artista guatemalteca, apasionada por el muralismo.Bachiller en artes y dise\u00f1o,t\u00e9cnico en Dise\u00f1o de Modas y estudiante de Marketing.Durante su trayectoria ...<br \/><a href=\"https:\/\/incyt.url.edu.gt\/museo-virtual\/?p=1222\" class=\"_self pt-cv-readmore btn btn-success\" target=\"_self\">Leer M\u00e1s<\/a><\/div>\t<\/div>\r\n<\/div><\/div>\n<div class=\"panel panel-default pt-cv-content-item pt-cv-1-col\" >\r\n<div class=\"panel-heading\">\r\n    <a class=\"panel-title\" data-toggle=\"cvcollapse\" data-parent=\"#758b7f2uls\" data-target=\"#693fc37n2h\" href='https:\/\/incyt.url.edu.gt\/museo-virtual\/?p=756' onclick='event.preventDefault()'>\r\n\t\tDar\u00edo Escobar\t<\/a>\r\n\t<\/div>\r\n<div id=\"693fc37n2h\" class=\"panel-collapse collapse \">\r\n\t<div class=\"panel-body\">\r\n\t\t<div class=\"pt-cv-content\">Naci\u00f3 en Guatemala 1971. Estudio restauraci\u00f3n y conservaci\u00f3n en el Museo de Arte Colonial, Antigua Guatemala. Artes Visuales en la ...<br \/><a href=\"https:\/\/incyt.url.edu.gt\/museo-virtual\/?p=756\" class=\"_self pt-cv-readmore btn btn-success\" target=\"_self\">Leer M\u00e1s<\/a><\/div>\t<\/div>\r\n<\/div><\/div>\n<div class=\"panel panel-default pt-cv-content-item pt-cv-1-col\" >\r\n<div class=\"panel-heading\">\r\n    <a class=\"panel-title\" data-toggle=\"cvcollapse\" data-parent=\"#758b7f2uls\" data-target=\"#651e77cpet\" href='https:\/\/incyt.url.edu.gt\/museo-virtual\/?p=481' onclick='event.preventDefault()'>\r\n\t\tDennis Leder\t<\/a>\r\n\t<\/div>\r\n<div id=\"651e77cpet\" class=\"panel-collapse collapse \">\r\n\t<div class=\"panel-body\">\r\n\t\t<div class=\"pt-cv-content\">Sacerdote jesuita, pintor y escultor, nacido en New Jersey, en 1946. Miembro de la Compa\u00f1\u00eda de Jes\u00fas desde 1964. Graduado ...<br \/><a href=\"https:\/\/incyt.url.edu.gt\/museo-virtual\/?p=481\" class=\"_self pt-cv-readmore btn btn-success\" target=\"_self\">Leer M\u00e1s<\/a><\/div>\t<\/div>\r\n<\/div><\/div>\n<div class=\"panel panel-default pt-cv-content-item pt-cv-1-col\" >\r\n<div class=\"panel-heading\">\r\n    <a class=\"panel-title\" data-toggle=\"cvcollapse\" data-parent=\"#758b7f2uls\" data-target=\"#586d2398t5\" href='https:\/\/incyt.url.edu.gt\/museo-virtual\/?p=1148' onclick='event.preventDefault()'>\r\n\t\tDomingo Gorr\u00edz\t<\/a>\r\n\t<\/div>\r\n<div id=\"586d2398t5\" class=\"panel-collapse collapse \">\r\n\t<div class=\"panel-body\">\r\n\t\t<div class=\"pt-cv-content\">Naci\u00f3 en Guatemala en 1993. Creci\u00f3 en una granja en el Cerro Alux, cerca, pero no tanto, de la ciudad ...<br \/><a href=\"https:\/\/incyt.url.edu.gt\/museo-virtual\/?p=1148\" class=\"_self pt-cv-readmore btn btn-success\" target=\"_self\">Leer M\u00e1s<\/a><\/div>\t<\/div>\r\n<\/div><\/div><\/div><\/div><\/div>\n<div class=\" pt-cv-pagination-wrapper\"><ul class=\"pt-cv-pagination pt-cv-ajax pagination\" data-totalpages=\"5\" data-currentpage=\"1\" data-sid=\"d6259cfu6k\" data-unid=\"\"><li class=\"active\"><a href=\"#\">1<\/a><\/li>\n\t<li ><a class=\"\" href=\"https:\/\/incyt.url.edu.gt\/museo-virtual\/index.php\/?_page=2&#038;rest_route=%2Fwp%2Fv2%2Fpages%2F539\">2<\/a><\/li>\n\t<li ><a class=\"\" href=\"https:\/\/incyt.url.edu.gt\/museo-virtual\/index.php\/?_page=3&#038;rest_route=%2Fwp%2Fv2%2Fpages%2F539\">3<\/a><\/li>\n\t<li ><a href=\"#\">&hellip;<\/a><\/li>\n\t<li ><a class=\"\" href=\"https:\/\/incyt.url.edu.gt\/museo-virtual\/index.php\/?_page=5&#038;rest_route=%2Fwp%2Fv2%2Fpages%2F539\">5<\/a><\/li>\n\t<li ><a class=\" \" href=\"https:\/\/incyt.url.edu.gt\/museo-virtual\/index.php\/?_page=2&#038;rest_route=%2Fwp%2Fv2%2Fpages%2F539\">&rsaquo;<\/a><\/li>\n\t<\/ul><img width=\"15\" height=\"15\" class=\"pt-cv-spinner\" alt=\"Loading...\" src=\"data:image\/gif;base64,R0lGODlhDwAPALMPAMrKygwMDJOTkz09PZWVla+vr3p6euTk5M7OzuXl5TMzMwAAAJmZmWZmZszMzP\/\/\/yH\/C05FVFNDQVBFMi4wAwEAAAAh+QQFCgAPACwAAAAADwAPAAAEQvDJaZaZOIcV8iQK8VRX4iTYoAwZ4iCYoAjZ4RxejhVNoT+mRGP4cyF4Pp0N98sBGIBMEMOotl6YZ3S61Bmbkm4mAgAh+QQFCgAPACwAAAAADQANAAAENPDJSRSZeA418itN8QiK8BiLITVsFiyBBIoYqnoewAD4xPw9iY4XLGYSjkQR4UAUD45DLwIAIfkEBQoADwAsAAAAAA8ACQAABC\/wyVlamTi3nSdgwFNdhEJgTJoNyoB9ISYoQmdjiZPcj7EYCAeCF1gEDo4Dz2eIAAAh+QQFCgAPACwCAAAADQANAAAEM\/DJBxiYeLKdX3IJZT1FU0iIg2RNKx3OkZVnZ98ToRD4MyiDnkAh6BkNC0MvsAj0kMpHBAAh+QQFCgAPACwGAAAACQAPAAAEMDC59KpFDll73HkAA2wVY5KgiK5b0RRoI6MuzG6EQqCDMlSGheEhUAgqgUUAFRySIgAh+QQFCgAPACwCAAIADQANAAAEM\/DJKZNLND\/kkKaHc3xk+QAMYDKsiaqmZCxGVjSFFCxB1vwy2oOgIDxuucxAMTAJFAJNBAAh+QQFCgAPACwAAAYADwAJAAAEMNAs86q1yaWwwv2Ig0jUZx3OYa4XoRAfwADXoAwfo1+CIjyFRuEho60aSNYlOPxEAAAh+QQFCgAPACwAAAIADQANAAAENPA9s4y8+IUVcqaWJ4qEQozSoAzoIyhCK2NFU2SJk0hNnyEOhKR2AzAAj4Pj4GE4W0bkJQIAOw==\" \/><div class=\"clear pt-cv-clear-pagination\"><\/div><\/div><\/div><\/div><\/div><\/div><\/div><\/div><\/div><\/div><\/div>\n","protected":false},"excerpt":{"rendered":"","protected":false},"author":1,"featured_media":0,"parent":0,"menu_order":0,"comment_status":"closed","ping_status":"closed","template":"page-templates\/template-fullwidth.php","meta":{"_links_to":"","_links_to_target":""},"_links":{"self":[{"href":"https:\/\/incyt.url.edu.gt\/museo-virtual\/index.php?rest_route=\/wp\/v2\/pages\/539"}],"collection":[{"href":"https:\/\/incyt.url.edu.gt\/museo-virtual\/index.php?rest_route=\/wp\/v2\/pages"}],"about":[{"href":"https:\/\/incyt.url.edu.gt\/museo-virtual\/index.php?rest_route=\/wp\/v2\/types\/page"}],"author":[{"embeddable":true,"href":"https:\/\/incyt.url.edu.gt\/museo-virtual\/index.php?rest_route=\/wp\/v2\/users\/1"}],"replies":[{"embeddable":true,"href":"https:\/\/incyt.url.edu.gt\/museo-virtual\/index.php?rest_route=%2Fwp%2Fv2%2Fcomments&post=539"}],"version-history":[{"count":2,"href":"https:\/\/incyt.url.edu.gt\/museo-virtual\/index.php?rest_route=\/wp\/v2\/pages\/539\/revisions"}],"predecessor-version":[{"id":541,"href":"https:\/\/incyt.url.edu.gt\/museo-virtual\/index.php?rest_route=\/wp\/v2\/pages\/539\/revisions\/541"}],"wp:attachment":[{"href":"https:\/\/incyt.url.edu.gt\/museo-virtual\/index.php?rest_route=%2Fwp%2Fv2%2Fmedia&parent=539"}],"curies":[{"name":"wp","href":"https:\/\/api.w.org\/{rel}","templated":true}]}}