{"id":8,"date":"2020-06-12T18:54:40","date_gmt":"2020-06-12T16:54:40","guid":{"rendered":"https:\/\/incyt.url.edu.gt\/museo-virtual\/?page_id=8"},"modified":"2021-01-08T13:09:35","modified_gmt":"2021-01-08T19:09:35","slug":"contacto","status":"publish","type":"page","link":"https:\/\/incyt.url.edu.gt\/museo-virtual\/?page_id=8","title":{"rendered":"Contacto"},"content":{"rendered":"<div class=\"vce-row-container\" data-vce-boxed-width=\"true\"><div class=\"vce-row vce-row--col-gap-30 vce-row-equal-height vce-row-columns--top vce-row-content--top\" id=\"el-78270b44\" data-vce-do-apply=\"all el-78270b44\"><div class=\"vce-row-content\" data-vce-element-content=\"true\"><div class=\"vce-col vce-col--md-auto vce-col--xs-1 vce-col--xs-last vce-col--xs-first vce-col--sm-last vce-col--sm-first vce-col--md-last vce-col--lg-last vce-col--xl-last vce-col--md-first vce-col--lg-first vce-col--xl-first\" id=\"el-9275d3ea\"><div class=\"vce-col-inner\" data-vce-do-apply=\"border margin background  el-9275d3ea\"><div class=\"vce-col-content\" data-vce-element-content=\"true\" data-vce-do-apply=\"padding el-9275d3ea\"><div class=\"vce-text-block\"><div class=\"vce-text-block-wrapper vce\" id=\"el-3d167ffb\" data-vce-do-apply=\"all el-3d167ffb\"><p>Puedes contactarte a los siguientes enlaces:<\/p>\n<p>Luisa Mar\u00eda Vel\u00e1squez: <a href=\"mailto:lmvelasquez@url.edu.gt\" title=\"mailto:lmvelasquez@url.edu.gt\" target=\"_blank\" rel=\"noreferrer noopener\" tabindex=\"-1\">lmvelasquez@url.edu.gt<\/a><\/p>\n<p>Ana Cecilia Zurita: <a href=\"mailto:aczurita@url.edu.gt\">aczurita@url.edu.gt<\/a><\/p>\n<p>Francisco Josu\u00e9 Alonzo: <a href=\"mailto:fjalonzoc@correo.url.edu.gt\">fjalonzoc@correo.url.edu.gt<\/a><\/p>\n<p><\/p><\/div><\/div><\/div><\/div><\/div><\/div><\/div><\/div>\n","protected":false},"excerpt":{"rendered":"<p>Puedes contactarte a los siguientes enlaces: Luisa Mar\u00eda Vel\u00e1squez: lmvelasquez@url.edu.gt Ana Cecilia Zurita: aczurita@url.edu.gt Francisco Josu\u00e9 Alonzo: fjalonzoc@correo.url.edu.gt<\/p>\n","protected":false},"author":0,"featured_media":0,"parent":0,"menu_order":0,"comment_status":"closed","ping_status":"closed","template":"","meta":{"_links_to":"","_links_to_target":""},"_links":{"self":[{"href":"https:\/\/incyt.url.edu.gt\/museo-virtual\/index.php?rest_route=\/wp\/v2\/pages\/8"}],"collection":[{"href":"https:\/\/incyt.url.edu.gt\/museo-virtual\/index.php?rest_route=\/wp\/v2\/pages"}],"about":[{"href":"https:\/\/incyt.url.edu.gt\/museo-virtual\/index.php?rest_route=\/wp\/v2\/types\/page"}],"replies":[{"embeddable":true,"href":"https:\/\/incyt.url.edu.gt\/museo-virtual\/index.php?rest_route=%2Fwp%2Fv2%2Fcomments&post=8"}],"version-history":[{"count":2,"href":"https:\/\/incyt.url.edu.gt\/museo-virtual\/index.php?rest_route=\/wp\/v2\/pages\/8\/revisions"}],"predecessor-version":[{"id":385,"href":"https:\/\/incyt.url.edu.gt\/museo-virtual\/index.php?rest_route=\/wp\/v2\/pages\/8\/revisions\/385"}],"wp:attachment":[{"href":"https:\/\/incyt.url.edu.gt\/museo-virtual\/index.php?rest_route=%2Fwp%2Fv2%2Fmedia&parent=8"}],"curies":[{"name":"wp","href":"https:\/\/api.w.org\/{rel}","templated":true}]}}