{"id":813,"date":"2021-07-22T17:23:52","date_gmt":"2021-07-22T23:23:52","guid":{"rendered":"https:\/\/incyt.url.edu.gt\/museo-virtual\/?page_id=813"},"modified":"2022-04-07T13:49:54","modified_gmt":"2022-04-07T19:49:54","slug":"borrador-automatico-4","status":"publish","type":"page","link":"https:\/\/incyt.url.edu.gt\/museo-virtual\/?page_id=813","title":{"rendered":"ComunicArte"},"content":{"rendered":"<div class=\"vce-row-container\" data-vce-boxed-width=\"true\"><div class=\"vce-row vce-row--col-gap-30 vce-row-equal-height vce-row-content--top\" id=\"el-0f7a8eba\" data-vce-do-apply=\"all el-0f7a8eba\"><div class=\"vce-content-background-container\"><\/div><div class=\"vce-row-content\" data-vce-element-content=\"true\"><div class=\"vce-col vce-col--md-auto vce-col--xs-1 vce-col--xs-last vce-col--xs-first vce-col--sm-last vce-col--sm-first vce-col--md-last vce-col--lg-last vce-col--xl-last vce-col--md-first vce-col--lg-first vce-col--xl-first\" id=\"el-c0f6d5dd\"><div class=\"vce-col-inner\" data-vce-do-apply=\"border margin background  el-c0f6d5dd\"><div class=\"vce-col-content\" data-vce-element-content=\"true\" data-vce-do-apply=\"padding el-c0f6d5dd\"><\/div><\/div><\/div><\/div><\/div><\/div><div class=\"vce-row-container\" data-vce-boxed-width=\"true\"><div class=\"vce-row vce-row--col-gap-30 vce-row-equal-height vce-row-content--top\" id=\"el-30f86b4d\" data-vce-do-apply=\"all el-30f86b4d\"><div class=\"vce-row-content\" data-vce-element-content=\"true\"><div class=\"vce-col vce-col--md-auto vce-col--xs-1 vce-col--xs-last vce-col--xs-first vce-col--sm-last vce-col--sm-first vce-col--md-last vce-col--lg-last vce-col--xl-last vce-col--md-first vce-col--lg-first vce-col--xl-first\" id=\"el-94fb7546\"><div class=\"vce-col-inner\" data-vce-do-apply=\"border margin background  el-94fb7546\"><div class=\"vce-col-content\" data-vce-element-content=\"true\" data-vce-do-apply=\"padding el-94fb7546\"><\/div><\/div><\/div><\/div><\/div><\/div><div class=\"vce-row-container\" data-vce-boxed-width=\"true\"><div class=\"vce-row vce-row--col-gap-30 vce-row-equal-height vce-row-content--top\" id=\"el-7dd5704e\" data-vce-do-apply=\"all el-7dd5704e\"><div class=\"vce-content-background-container\"><\/div><div class=\"vce-row-content\" data-vce-element-content=\"true\"><div class=\"vce-col vce-col--md-auto vce-col--xs-1 vce-col--xs-last vce-col--xs-first vce-col--sm-last vce-col--sm-first vce-col--md-last vce-col--lg-last vce-col--xl-last vce-col--md-first vce-col--lg-first vce-col--xl-first\" id=\"el-3c7e295e\"><div class=\"vce-col-inner\" data-vce-do-apply=\"border margin background  el-3c7e295e\"><div class=\"vce-col-content\" data-vce-element-content=\"true\" data-vce-do-apply=\"padding el-3c7e295e\"><div class=\"vce-text-block\"><div class=\"vce-text-block-wrapper vce\" id=\"el-b94736d8\" data-vce-do-apply=\"all el-b94736d8\"><h1 style=\"font-family: Lato; font-weight: bold; font-style: normal; font-size: large;\"><span style=\"font-size: 300%;\">ComunicArte<\/span><\/h1><\/div><\/div><\/div><\/div><\/div><\/div><\/div><\/div><div class=\"vce-row-container\" data-vce-boxed-width=\"true\"><div class=\"vce-row vce-row--col-gap-30 vce-row-equal-height vce-row-content--top\" id=\"el-6bd31115\" data-vce-do-apply=\"all el-6bd31115\"><div class=\"vce-row-content\" data-vce-element-content=\"true\"><div class=\"vce-col vce-col--md-auto vce-col--xs-1 vce-col--xs-last vce-col--xs-first vce-col--sm-last vce-col--sm-first vce-col--md-last vce-col--lg-last vce-col--xl-last vce-col--md-first vce-col--lg-first vce-col--xl-first\" id=\"el-f54e1d5c\"><div class=\"vce-col-inner\" data-vce-do-apply=\"border margin background  el-f54e1d5c\"><div class=\"vce-col-content\" data-vce-element-content=\"true\" data-vce-do-apply=\"padding el-f54e1d5c\"><div class=\"vce vce-separator-with-icon-container vce-separator-with-icon--align-center\" id=\"el-83b1f9a8\" data-vce-do-apply=\"margin el-83b1f9a8\"><div class=\"vce-separator-with-icon vce-separator-with-icon--color-bfc0c1 vce-separator-with-icon--width-49\" data-vce-do-apply=\"border padding background  el-83b1f9a8\"><div class=\"vce-separator-with-icon--line vce-separator-with-icon--line--style-solid vce-separator-with-icon-line--thickness-1 vce-separator-with-icon--line-left\"><\/div><div class=\"vce-separator-with-icon--icon vce-icon vce-separator-with-icon--icon--style-shape-none vce-separator-with-icon--icon--style-size-small vce-separator-with-icon--icon--style-color-b-16-60-106 vce-separator-with-icon--icon--style-shape-color-3cb878\"><svg xmlns=\"https:\/\/www.w3.org\/2000\/svg\" viewBox=\"0 0 769 769\"><path stroke-width=\"40\" d=\"M565.755 696.27h-360l-180-311.77 180-311.77h360l180 311.77z\"><\/path><\/svg><span class=\"vce-icon-container fas fa-film\"><\/span><\/div><div class=\"vce-separator-with-icon--line vce-separator-with-icon--line--style-solid vce-separator-with-icon-line--thickness-1 vce-separator-with-icon--line-right\"><\/div><\/div><\/div><\/div><\/div><\/div><\/div><\/div><\/div><div class=\"vce-row-container\" data-vce-boxed-width=\"true\"><div class=\"vce-row vce-row--col-gap-20 vce-row-equal-height vce-row-content--top\" id=\"el-b8ce99d4\" data-vce-do-apply=\"all el-b8ce99d4\"><div class=\"vce-content-background-container\"><\/div><div class=\"vce-row-content\" data-vce-element-content=\"true\"><div class=\"vce-col vce-col--md-37-94p vce-col--xs-1 vce-col--xs-last vce-col--xs-first vce-col--sm-last vce-col--sm-first vce-col--md-first vce-col--lg-first vce-col--xl-first\" id=\"el-0ee8a563\"><div class=\"vce-col-inner\" data-vce-do-apply=\"border margin background  el-0ee8a563\"><div class=\"vce-col-content\" data-vce-element-content=\"true\" data-vce-do-apply=\"padding el-0ee8a563\"><div class=\"vce-text-block\"><div class=\"vce-text-block-wrapper vce\" id=\"el-e9c0d0c5\" data-vce-do-apply=\"all el-e9c0d0c5\"><h2><span style=\"font-family: Lato; font-weight: 400; font-style: normal;\">An\u00e1lisis iconol\u00f3gico de San Ignacio de Loyola<\/span><\/h2><p><br>&nbsp;<\/p><p style=\"text-align: justify;\"><span style=\"font-size: 14pt; font-family: Lato; font-weight: 400; font-style: normal;\">En el marco de los 500 a\u00f1os de la conversi\u00f3n de San Ignacio de Loyola, y como parte de los actos conmemorativos art\u00edsticos, presentamos una s\u00edntesis anal\u00edtica de la iconolog\u00eda que componen algunas de las im\u00e1genes del santo.<\/span><\/p><\/div><\/div><\/div><\/div><\/div><div class=\"vce-col vce-col--md-62-05p vce-col--xs-1 vce-col--xs-last vce-col--xs-first vce-col--sm-last vce-col--sm-first vce-col--md-last vce-col--lg-last vce-col--xl-last\" id=\"el-5c281074\"><div class=\"vce-col-inner\" data-vce-do-apply=\"border margin background  el-5c281074\"><div class=\"vce-content-background-container\"><\/div><div class=\"vce-col-content\" data-vce-element-content=\"true\" data-vce-do-apply=\"padding el-5c281074\"><div class=\"vce-raw-html\"><div class=\"vce-raw-html-wrapper\" id=\"el-d63bcfe2\" data-vce-do-apply=\"all el-d63bcfe2\"><iframe src=\"https:\/\/www.facebook.com\/plugins\/video.php?height=314&amp;href=https%3A%2F%2Fwww.facebook.com%2Fhaciendocamino.url%2Fvideos%2F857882208176160%2F&amp;show_text=false&amp;width=560&amp;t=0\" width=\"700rem\" height=\"450rem\" style=\"border:none;overflow:hidden\" scrolling=\"no\" frameborder=\"0\" allowfullscreen=\"true\" allow=\"autoplay; clipboard-write; encrypted-media; picture-in-picture; web-share\"><\/iframe><\/div><\/div><\/div><\/div><\/div><\/div><\/div><\/div><div class=\"vce-row-container\" data-vce-boxed-width=\"true\"><div class=\"vce-row vce-row--col-gap-30 vce-row-equal-height vce-row-content--top\" id=\"el-59fd56d8\" data-vce-do-apply=\"all el-59fd56d8\"><div class=\"vce-row-content\" data-vce-element-content=\"true\"><div class=\"vce-col vce-col--md-auto vce-col--xs-1 vce-col--xs-last vce-col--xs-first vce-col--sm-last vce-col--sm-first vce-col--md-last vce-col--lg-last vce-col--xl-last vce-col--md-first vce-col--lg-first vce-col--xl-first\" id=\"el-b8a3bcce\"><div class=\"vce-col-inner\" data-vce-do-apply=\"border margin background  el-b8a3bcce\"><div class=\"vce-col-content\" data-vce-element-content=\"true\" data-vce-do-apply=\"padding el-b8a3bcce\"><div class=\"vce vce-separator-with-icon-container vce-separator-with-icon--align-center\" id=\"el-91e4b859\" data-vce-do-apply=\"margin el-91e4b859\"><div class=\"vce-separator-with-icon vce-separator-with-icon--color-bfc0c1 vce-separator-with-icon--width-50\" data-vce-do-apply=\"border padding background  el-91e4b859\"><div class=\"vce-separator-with-icon--line vce-separator-with-icon--line--style-solid vce-separator-with-icon-line--thickness-1 vce-separator-with-icon--line-left\"><\/div><div class=\"vce-separator-with-icon--icon vce-icon vce-separator-with-icon--icon--style-shape-none vce-separator-with-icon--icon--style-size-small vce-separator-with-icon--icon--style-color-b-16-60-106 vce-separator-with-icon--icon--style-shape-color-3cb878\"><svg xmlns=\"https:\/\/www.w3.org\/2000\/svg\" viewBox=\"0 0 769 769\"><path stroke-width=\"40\" d=\"M565.755 696.27h-360l-180-311.77 180-311.77h360l180 311.77z\"><\/path><\/svg><span class=\"vce-icon-container fas fa-film\"><\/span><\/div><div class=\"vce-separator-with-icon--line vce-separator-with-icon--line--style-solid vce-separator-with-icon-line--thickness-1 vce-separator-with-icon--line-right\"><\/div><\/div><\/div><\/div><\/div><\/div><\/div><\/div><\/div><div class=\"vce-row-container\" data-vce-boxed-width=\"true\"><div class=\"vce-row vce-row--col-gap-20 vce-row-equal-height vce-row-content--top\" id=\"el-30453857\" data-vce-do-apply=\"all el-30453857\"><div class=\"vce-content-background-container\"><\/div><div class=\"vce-row-content\" data-vce-element-content=\"true\"><div class=\"vce-col vce-col--md-38-14p vce-col--xs-1 vce-col--xs-last vce-col--xs-first vce-col--sm-last vce-col--sm-first vce-col--md-first vce-col--lg-first vce-col--xl-first\" id=\"el-e0998a5a\"><div class=\"vce-col-inner\" data-vce-do-apply=\"border margin background  el-e0998a5a\"><div class=\"vce-col-content\" data-vce-element-content=\"true\" data-vce-do-apply=\"padding el-e0998a5a\"><div class=\"vce-text-block\"><div class=\"vce-text-block-wrapper vce\" id=\"el-50f0dc5b\" data-vce-do-apply=\"all el-50f0dc5b\"><h2>Recorrido en la iglesia de La Merced<\/h2><p><br><br><br><\/p><p style=\"text-align: justify;\"><span style=\"font-family: Lato; font-weight: 400; font-style: normal; font-size: 14pt;\">La Iglesia de La Merced es un impresionante templo ubicado en el Centro Hist\u00f3rico de la ciudad de Guatemala. Fue inaugurada en el a\u00f1o 1813 y guarda en su arquitectura de estilo Neocl\u00e1sico, las diferentes expresiones art\u00edsticas de m\u00e1s de 200 a\u00f1os.<\/span><\/p><\/div><\/div><\/div><\/div><\/div><div class=\"vce-col vce-col--md-61-85p vce-col--xs-1 vce-col--xs-last vce-col--xs-first vce-col--sm-last vce-col--sm-first vce-col--md-last vce-col--lg-last vce-col--xl-last\" id=\"el-15bd567d\"><div class=\"vce-col-inner\" data-vce-do-apply=\"border margin background  el-15bd567d\"><div class=\"vce-col-content\" data-vce-element-content=\"true\" data-vce-do-apply=\"padding el-15bd567d\"><div class=\"vce-raw-html\"><div class=\"vce-raw-html-wrapper\" id=\"el-234bc5b8\" data-vce-do-apply=\"all el-234bc5b8\"><iframe src=\"https:\/\/www.facebook.com\/plugins\/video.php?height=314&amp;href=https%3A%2F%2Fwww.facebook.com%2Fhaciendocamino.url%2Fvideos%2F981744429305108%2F&amp;show_text=false&amp;width=560&amp;t=0\" width=\"700rem\" height=\"450rem\" style=\"border:none;overflow:hidden;\" scrolling=\"no\" frameborder=\"0\" allowfullscreen=\"true\" allow=\"autoplay; clipboard-write; encrypted-media; picture-in-picture; web-share\"><\/iframe><\/div><\/div><\/div><\/div><\/div><\/div><\/div><\/div><div class=\"vce-row-container\" data-vce-boxed-width=\"true\"><div class=\"vce-row vce-row--col-gap-30 vce-row-equal-height vce-row-content--top\" id=\"el-e908a04c\" data-vce-do-apply=\"all el-e908a04c\"><div class=\"vce-row-content\" data-vce-element-content=\"true\"><div class=\"vce-col vce-col--md-auto vce-col--xs-1 vce-col--xs-last vce-col--xs-first vce-col--sm-last vce-col--sm-first vce-col--md-last vce-col--lg-last vce-col--xl-last vce-col--md-first vce-col--lg-first vce-col--xl-first\" id=\"el-e10bebd3\"><div class=\"vce-col-inner\" data-vce-do-apply=\"border margin background  el-e10bebd3\"><div class=\"vce-col-content\" data-vce-element-content=\"true\" data-vce-do-apply=\"padding el-e10bebd3\"><div class=\"vce vce-separator-with-icon-container vce-separator-with-icon--align-center\" id=\"el-1aed00f2\" data-vce-do-apply=\"margin el-1aed00f2\"><div class=\"vce-separator-with-icon vce-separator-with-icon--color-bfc0c1 vce-separator-with-icon--width-50\" data-vce-do-apply=\"border padding background  el-1aed00f2\"><div class=\"vce-separator-with-icon--line vce-separator-with-icon--line--style-solid vce-separator-with-icon-line--thickness-1 vce-separator-with-icon--line-left\"><\/div><div class=\"vce-separator-with-icon--icon vce-icon vce-separator-with-icon--icon--style-shape-none vce-separator-with-icon--icon--style-size-small vce-separator-with-icon--icon--style-color-b-16-60-106 vce-separator-with-icon--icon--style-shape-color-3cb878\"><svg xmlns=\"https:\/\/www.w3.org\/2000\/svg\" viewBox=\"0 0 769 769\"><path stroke-width=\"40\" d=\"M565.755 696.27h-360l-180-311.77 180-311.77h360l180 311.77z\"><\/path><\/svg><span class=\"vce-icon-container fas fa-film\"><\/span><\/div><div class=\"vce-separator-with-icon--line vce-separator-with-icon--line--style-solid vce-separator-with-icon-line--thickness-1 vce-separator-with-icon--line-right\"><\/div><\/div><\/div><\/div><\/div><\/div><\/div><\/div><\/div><div class=\"vce-row-container\" data-vce-boxed-width=\"true\"><div class=\"vce-row vce-row--col-gap-20 vce-row-equal-height vce-row-content--top\" id=\"el-41bec440\" data-vce-do-apply=\"all el-41bec440\"><div class=\"vce-content-background-container\"><\/div><div class=\"vce-row-content\" data-vce-element-content=\"true\"><div class=\"vce-col vce-col--md-38-14p vce-col--xs-1 vce-col--xs-last vce-col--xs-first vce-col--sm-last vce-col--sm-first vce-col--md-first vce-col--lg-first vce-col--xl-first\" id=\"el-e5bc5c4d\"><div class=\"vce-col-inner\" data-vce-do-apply=\"border margin background  el-e5bc5c4d\"><div class=\"vce-col-content\" data-vce-element-content=\"true\" data-vce-do-apply=\"padding el-e5bc5c4d\"><div class=\"vce-text-block\"><div class=\"vce-text-block-wrapper vce\" id=\"el-ed51b544\" data-vce-do-apply=\"all el-ed51b544\"><h2><span>\u00bfConoces el origen del Himno Nacional de Guatemala?<\/span><\/h2><p style=\"text-align: justify;\"><span style=\"font-family: Lato; font-weight: 400; font-style: normal; font-size: 14pt;\"><br>Acomp\u00e1\u00f1anos a ver la maravillosa interpretaci\u00f3n Betsy Simaj Tap\u00e1z junto al resumen de la entrevista sobre la creaci\u00f3n de nuestro himno, con Luis Antonio Rodr\u00edguez Torselli.<\/span><\/p><\/div><\/div><\/div><\/div><\/div><div class=\"vce-col vce-col--md-61-85p vce-col--xs-1 vce-col--xs-last vce-col--xs-first vce-col--sm-last vce-col--sm-first vce-col--md-last vce-col--lg-last vce-col--xl-last\" id=\"el-c421f600\"><div class=\"vce-col-inner\" data-vce-do-apply=\"border margin background  el-c421f600\"><div class=\"vce-col-content\" data-vce-element-content=\"true\" data-vce-do-apply=\"padding el-c421f600\"><div class=\"vce-raw-html\"><div class=\"vce-raw-html-wrapper\" id=\"el-f04500e8\" data-vce-do-apply=\"all el-f04500e8\"><iframe src=\"https:\/\/www.facebook.com\/plugins\/video.php?height=314&amp;href=https%3A%2F%2Fwww.facebook.com%2FArtesLandivar%2Fvideos%2F2994846567497381%2F&amp;show_text=false&amp;width=560&amp;t=0\" width=\"700rem\" height=\"450rem\" style=\"border:none;overflow:hidden;\" scrolling=\"no\" frameborder=\"0\" allowfullscreen=\"true\" allow=\"autoplay; clipboard-write; encrypted-media; picture-in-picture; web-share\"><\/iframe><\/div><\/div><\/div><\/div><\/div><\/div><\/div><\/div><div class=\"vce-row-container\" data-vce-boxed-width=\"true\"><div class=\"vce-row vce-row--col-gap-30 vce-row-equal-height vce-row-content--top\" id=\"el-87f6d996\" data-vce-do-apply=\"all el-87f6d996\"><div class=\"vce-row-content\" data-vce-element-content=\"true\"><div class=\"vce-col vce-col--md-auto vce-col--xs-1 vce-col--xs-last vce-col--xs-first vce-col--sm-last vce-col--sm-first vce-col--md-last vce-col--lg-last vce-col--xl-last vce-col--md-first vce-col--lg-first vce-col--xl-first\" id=\"el-e6b18bea\"><div class=\"vce-col-inner\" data-vce-do-apply=\"border margin background  el-e6b18bea\"><div class=\"vce-col-content\" data-vce-element-content=\"true\" data-vce-do-apply=\"padding el-e6b18bea\"><div class=\"vce vce-separator-with-icon-container vce-separator-with-icon--align-center\" id=\"el-e533aca2\" data-vce-do-apply=\"margin el-e533aca2\"><div class=\"vce-separator-with-icon vce-separator-with-icon--color-bfc0c1 vce-separator-with-icon--width-50\" data-vce-do-apply=\"border padding background  el-e533aca2\"><div class=\"vce-separator-with-icon--line vce-separator-with-icon--line--style-solid vce-separator-with-icon-line--thickness-1 vce-separator-with-icon--line-left\"><\/div><div class=\"vce-separator-with-icon--icon vce-icon vce-separator-with-icon--icon--style-shape-none vce-separator-with-icon--icon--style-size-small vce-separator-with-icon--icon--style-color-b-16-60-106 vce-separator-with-icon--icon--style-shape-color-3cb878\"><svg xmlns=\"https:\/\/www.w3.org\/2000\/svg\" viewBox=\"0 0 769 769\"><path stroke-width=\"40\" d=\"M565.755 696.27h-360l-180-311.77 180-311.77h360l180 311.77z\"><\/path><\/svg><span class=\"vce-icon-container fas fa-film\"><\/span><\/div><div class=\"vce-separator-with-icon--line vce-separator-with-icon--line--style-solid vce-separator-with-icon-line--thickness-1 vce-separator-with-icon--line-right\"><\/div><\/div><\/div><\/div><\/div><\/div><\/div><\/div><\/div><div class=\"vce-row-container\"><div class=\"vce-row vce-row--col-gap-20 vce-row-equal-height vce-row-content--middle\" data-vce-full-width=\"true\" data-vce-stretch-content=\"true\" id=\"el-766498b0\" data-vce-do-apply=\"all el-766498b0\"><div class=\"vce-content-background-container\"><\/div><div class=\"vce-row-content\" data-vce-element-content=\"true\"><div class=\"vce-col vce-col--md-auto vce-col--xs-1 vce-col--xs-last vce-col--xs-first vce-col--sm-last vce-col--sm-first vce-col--md-first vce-col--lg-first vce-col--xl-first\" id=\"el-427cc3d4\"><div class=\"vce-col-inner\" data-vce-do-apply=\"border margin background  el-427cc3d4\"><div class=\"vce-col-content\" data-vce-element-content=\"true\" data-vce-do-apply=\"padding el-427cc3d4\"><div class=\"vce-text-block\"><div class=\"vce-text-block-wrapper vce\" id=\"el-23843850\" data-vce-do-apply=\"all el-23843850\"><p style=\"text-align: center;\"><span style=\"font-family: Lato; font-weight: bold; font-style: normal; font-size: 24pt;\">Exposici\u00f3n con Rostro de Jaguar<\/span><\/p><\/div><\/div><\/div><\/div><\/div><div class=\"vce-col vce-col--md-auto vce-col--xs-1 vce-col--xs-last vce-col--xs-first vce-col--sm-last vce-col--sm-first vce-col--md-last vce-col--lg-last vce-col--xl-last\" id=\"el-0552e30a\"><div class=\"vce-col-inner\" data-vce-do-apply=\"border margin background  el-0552e30a\"><div class=\"vce-col-content\" data-vce-element-content=\"true\" data-vce-do-apply=\"padding el-0552e30a\"><div class=\"vce-raw-html\"><div class=\"vce-raw-html-wrapper\" id=\"el-d0329b62\" data-vce-do-apply=\"all el-d0329b62\"> \n\t<style>\n\t.button {\n  background-color: #e2b70d;\n  border: none;\n  color: white;\n  padding: 15px 32px;\n  text-align: center;\n  text-decoration: none;\n  display: inline-block;\n  font-size: 16px;\n  border-radius: 4px;\ntransition-duration: 0.4s;\n\t\tcursor:pointer;\n    -webkit-appearance: button;\n    -moz-appearance: button;\n    appearance: button;\t\n}\n\t.button:hover {\n  background-color: #192a56;\n  color: #000;\n\t\tborder-color:#008CBA;\n}<\/style>\n\t\n\t\t<a class=\"button\" href=\"https:\/\/exposicion360.uc.r.appspot.com\/\">Ir a Exposici\u00f3n<\/a>\n\t\n<\/div><\/div><\/div><\/div><\/div><\/div><\/div><\/div>\n","protected":false},"excerpt":{"rendered":"<p>ComunicArteAn\u00e1lisis iconol\u00f3gico de San Ignacio de Loyola&nbsp;En el marco de los 500 a\u00f1os de la conversi\u00f3n de San Ignacio de Loyola, y como parte de los actos conmemorativos art\u00edsticos, presentamos una s\u00edntesis anal\u00edtica de la iconolog\u00eda que componen algunas de las im\u00e1genes del santo.Recorrido en la iglesia de La MercedLa [&hellip;]<\/p>\n","protected":false},"author":1,"featured_media":0,"parent":0,"menu_order":0,"comment_status":"closed","ping_status":"closed","template":"page-templates\/template-pagebuilder-full-width.php","meta":{"_links_to":"","_links_to_target":""},"_links":{"self":[{"href":"https:\/\/incyt.url.edu.gt\/museo-virtual\/index.php?rest_route=\/wp\/v2\/pages\/813"}],"collection":[{"href":"https:\/\/incyt.url.edu.gt\/museo-virtual\/index.php?rest_route=\/wp\/v2\/pages"}],"about":[{"href":"https:\/\/incyt.url.edu.gt\/museo-virtual\/index.php?rest_route=\/wp\/v2\/types\/page"}],"author":[{"embeddable":true,"href":"https:\/\/incyt.url.edu.gt\/museo-virtual\/index.php?rest_route=\/wp\/v2\/users\/1"}],"replies":[{"embeddable":true,"href":"https:\/\/incyt.url.edu.gt\/museo-virtual\/index.php?rest_route=%2Fwp%2Fv2%2Fcomments&post=813"}],"version-history":[{"count":52,"href":"https:\/\/incyt.url.edu.gt\/museo-virtual\/index.php?rest_route=\/wp\/v2\/pages\/813\/revisions"}],"predecessor-version":[{"id":1253,"href":"https:\/\/incyt.url.edu.gt\/museo-virtual\/index.php?rest_route=\/wp\/v2\/pages\/813\/revisions\/1253"}],"wp:attachment":[{"href":"https:\/\/incyt.url.edu.gt\/museo-virtual\/index.php?rest_route=%2Fwp%2Fv2%2Fmedia&parent=813"}],"curies":[{"name":"wp","href":"https:\/\/api.w.org\/{rel}","templated":true}]}}