{"id":946,"date":"2021-09-12T12:46:44","date_gmt":"2021-09-12T18:46:44","guid":{"rendered":"https:\/\/incyt.url.edu.gt\/museo-virtual\/?page_id=946"},"modified":"2021-09-15T13:25:24","modified_gmt":"2021-09-15T19:25:24","slug":"borrador-automatico-5","status":"publish","type":"page","link":"https:\/\/incyt.url.edu.gt\/museo-virtual\/?page_id=946","title":{"rendered":"Himno Nacional"},"content":{"rendered":"<div class=\"vce-row-container\" data-vce-boxed-width=\"true\"><div class=\"vce-row vce-row--col-gap-30 vce-row-equal-height vce-row-content--top\" id=\"el-3b9e136f\" data-vce-do-apply=\"all el-3b9e136f\"><div class=\"vce-row-content\" data-vce-element-content=\"true\"><div class=\"vce-col vce-col--md-auto vce-col--xs-1 vce-col--xs-last vce-col--xs-first vce-col--sm-last vce-col--sm-first vce-col--md-last vce-col--lg-last vce-col--xl-last vce-col--md-first vce-col--lg-first vce-col--xl-first\" id=\"el-d4f9f08a\"><div class=\"vce-col-inner\" data-vce-do-apply=\"border margin background  el-d4f9f08a\"><div class=\"vce-col-content\" data-vce-element-content=\"true\" data-vce-do-apply=\"padding el-d4f9f08a\"><div class=\"vce-raw-html\"><div class=\"vce-raw-html-wrapper\" id=\"el-9f309b25\" data-vce-do-apply=\"all el-9f309b25\"><iframe src=\"https:\/\/www.facebook.com\/plugins\/video.php?height=314&amp;href=https%3A%2F%2Fwww.facebook.com%2FArtesLandivar%2Fvideos%2F1107509793420075%2F&amp;show_text=false&amp;width=560&amp;t=0\" width=\"720vh\" height=\"400vh\" style=\"border:none;overflow:hidden\" scrolling=\"no\" frameborder=\"0\" allowfullscreen=\"true\" allow=\"autoplay; clipboard-write; encrypted-media; picture-in-picture; web-share\" display=\"block\" text-align=\"center\"><\/iframe><\/div><\/div><\/div><\/div><\/div><\/div><\/div><\/div><div class=\"vce-row-container\" data-vce-boxed-width=\"true\"><div class=\"vce-row vce-row--col-gap-30 vce-row-equal-height vce-row-content--top\" id=\"el-c7cdfb63\" data-vce-do-apply=\"all el-c7cdfb63\"><div class=\"vce-row-content\" data-vce-element-content=\"true\"><div class=\"vce-col vce-col--md-auto vce-col--xs-1 vce-col--xs-last vce-col--xs-first vce-col--sm-last vce-col--sm-first vce-col--md-last vce-col--lg-last vce-col--xl-last vce-col--md-first vce-col--lg-first vce-col--xl-first\" id=\"el-c3454bc2\"><div class=\"vce-col-inner\" data-vce-do-apply=\"border margin background  el-c3454bc2\"><div class=\"vce-col-content\" data-vce-element-content=\"true\" data-vce-do-apply=\"padding el-c3454bc2\"><div class=\"vce-text-block\"><div class=\"vce-text-block-wrapper vce\" id=\"el-160b99eb\" data-vce-do-apply=\"all el-160b99eb\"><h2><span style=\"font-family: Alegreya; font-weight: 500; font-style: normal; font-size: 24pt;\">Himno Nacional y su partitura original<\/span><\/h2><p style=\"text-align: justify; letter-spacing: inherit; line-height: 1.5;\"><span style=\"font-family: Alegreya; font-weight: 400; font-style: normal; font-size: 12pt;\">La historia de la guitarra en Guatemala es escasa pues, en ocasiones, se ha olvidado documentar las obras musicales compuestas para este instrumento. Este proyecto del Centro Virtual de Patrimonio de Artes Land\u00edvar tiene como objetivo difundir el origen de la m\u00fasica del Himno Nacional, por el valor e importancia que tiene para la historia de Guatemala y para no olvidar lo que se cre\u00f3 un d\u00eda para el instrumento que acompa\u00f1\u00f3 al Maestro Rafael \u00c1lvarez Ovalle durante toda su vida.<\/span><br><span style=\"font-family: Alegreya; font-weight: 400; font-style: normal; font-size: 12pt;\">El Maestro \u00c1lvarez Ovalle fue uno de los compositores para guitarra sola de la \u00e9poca, que tuvo influencia de m\u00fasicos extranjeros que estuvieron en Guatemala durante los a\u00f1os de 1875 a 1885. El Maestro \u00c1lvarez Ovalle escribi\u00f3 la m\u00fasica del Himno Nacional de Guatemala en su propia guitarra, inspirado en anhelos de libertad. \u00c9l afirmaba que deb\u00eda ser ejecutada de manera solemne, con una interpretaci\u00f3n de car\u00e1cter nacionalista y con tempo majestoso. Probablemente, el compositor no pens\u00f3 en publicar esta versi\u00f3n, sino que se trataba de un documento personal; sin embargo esta obra es considerada muy importante ya que forma parte de la m\u00fasica guatemalteca escrita para instrumento solista y es patrimonio valioso para el pa\u00eds.<\/span><br><span style=\"font-family: Alegreya; font-weight: 400; font-style: normal; font-size: 12pt;\">En el proyecto se entrevist\u00f3 al Maestro Luis Antonio Rodr\u00edguez Torselli, quien comparti\u00f3 un facs\u00edmil de la partitura original de la m\u00fasica del himno nacional escrita para guitarra sola, firmada por el Maestro Rafael \u00c1lvarez Ovalle, proporcionando informaci\u00f3n importante de las diferentes versiones del Himno Nacional.<\/span><br><span style=\"font-family: Alegreya; font-weight: 400; font-style: normal; font-size: 12pt;\">Adem\u00e1s comparti\u00f3 historias sobre sus inicios como guitarrista cl\u00e1sico, con todas las implicaciones de estudiar dicho instrumento. Tiene una trayectoria de m\u00e1s de sesenta a\u00f1os. \u00c9l y otros miembros de su familia han dejado un legado valioso en la historia de la m\u00fasica guatemalteca.<\/span><\/p><\/div><\/div><\/div><\/div><\/div><\/div><\/div><\/div><div class=\"vce-row-container\" data-vce-boxed-width=\"true\"><div class=\"vce-row vce-row--col-gap-30 vce-row-equal-height vce-row-content--top\" id=\"el-94fb05bf\" data-vce-do-apply=\"all el-94fb05bf\"><div class=\"vce-row-content\" data-vce-element-content=\"true\"><div class=\"vce-col vce-col--md-auto vce-col--xs-1 vce-col--xs-last vce-col--xs-first vce-col--sm-last vce-col--sm-first vce-col--md-last vce-col--lg-last vce-col--xl-last vce-col--md-first vce-col--lg-first vce-col--xl-first\" id=\"el-457227ad\"><div class=\"vce-col-inner\" data-vce-do-apply=\"border margin background  el-457227ad\"><div class=\"vce-col-content\" data-vce-element-content=\"true\" data-vce-do-apply=\"padding el-457227ad\"><div class=\"vce vce-separator-with-icon-container vce-separator-with-icon--align-center\" id=\"el-3bdcc960\" data-vce-do-apply=\"margin el-3bdcc960\"><div class=\"vce-separator-with-icon vce-separator-with-icon--color-b-14-54-108 vce-separator-with-icon--width-86\" data-vce-do-apply=\"border padding background  el-3bdcc960\"><div class=\"vce-separator-shadow-left vce-separator-with-icon--line vce-separator-with-icon--line--style-shadow vce-separator-with-icon-line--thickness-3 vce-separator-shadow vce-separator-with-icon--line-left\"><\/div><div class=\"vce-separator-with-icon--icon vce-icon vce-separator-with-icon--icon--style-shape-none vce-separator-with-icon--icon--style-size-small vce-separator-with-icon--icon--style-color-b-226-183-13 vce-separator-with-icon--icon--style-shape-color-3cb878\"><svg xmlns=\"https:\/\/www.w3.org\/2000\/svg\" viewBox=\"0 0 769 769\"><path stroke-width=\"40\" d=\"M565.755 696.27h-360l-180-311.77 180-311.77h360l180 311.77z\"><\/path><\/svg><span class=\"vce-icon-container fas fa-music\"><\/span><\/div><div class=\"vce-separator-shadow-right vce-separator-with-icon--line vce-separator-with-icon--line--style-shadow vce-separator-with-icon-line--thickness-3 vce-separator-shadow vce-separator-with-icon--line-right\"><\/div><\/div><\/div><\/div><\/div><\/div><\/div><\/div><\/div><div class=\"vce-row-container\" data-vce-boxed-width=\"true\"><div class=\"vce-row vce-row--col-gap-30 vce-row-equal-height vce-row-content--top\" id=\"el-1d5a2a9a\" data-vce-do-apply=\"all el-1d5a2a9a\"><div class=\"vce-row-content\" data-vce-element-content=\"true\"><div class=\"vce-col vce-col--md-auto vce-col--xs-1 vce-col--xs-last vce-col--xs-first vce-col--sm-last vce-col--sm-first vce-col--md-last vce-col--lg-last vce-col--xl-last vce-col--md-first vce-col--lg-first vce-col--xl-first\" id=\"el-55ef14b9\"><div class=\"vce-col-inner\" data-vce-do-apply=\"border margin background  el-55ef14b9\"><div class=\"vce-col-content\" data-vce-element-content=\"true\" data-vce-do-apply=\"padding el-55ef14b9\"><div class=\"vce-raw-html\"><div class=\"vce-raw-html-wrapper\" id=\"el-d00c6d1a\" data-vce-do-apply=\"all el-d00c6d1a\"><iframe src=\"https:\/\/www.facebook.com\/plugins\/video.php?height=314&amp;href=https%3A%2F%2Fwww.facebook.com%2FArtesLandivar%2Fvideos%2F1159002074909645%2F&amp;show_text=false&amp;width=560&amp;t=0\" width=\"720vh\" height=\"400vh\" style=\"border:none;overflow:hidden\" scrolling=\"no\" frameborder=\"0\" allowfullscreen=\"true\" allow=\"autoplay; clipboard-write; encrypted-media; picture-in-picture; web-share\" display=\"block\" text-align=\"center\"><\/iframe><\/div><\/div><\/div><\/div><\/div><\/div><\/div><\/div><div class=\"vce-row-container\" data-vce-boxed-width=\"true\"><div class=\"vce-row vce-row--col-gap-30 vce-row-equal-height vce-row-content--top\" id=\"el-cd71753f\" data-vce-do-apply=\"all el-cd71753f\"><div class=\"vce-row-content\" data-vce-element-content=\"true\"><div class=\"vce-col vce-col--md-70p vce-col--xs-1 vce-col--xs-last vce-col--xs-first vce-col--sm-last vce-col--sm-first vce-col--md-first vce-col--lg-first vce-col--xl-first\" id=\"el-a4aa9724\"><div class=\"vce-col-inner\" data-vce-do-apply=\"border margin background  el-a4aa9724\"><div class=\"vce-col-content\" data-vce-element-content=\"true\" data-vce-do-apply=\"padding el-a4aa9724\"><div class=\"vce-text-block\"><div class=\"vce-text-block-wrapper vce\" id=\"el-22eb1456\" data-vce-do-apply=\"all el-22eb1456\"><p style=\"text-align: justify; letter-spacing: inherit; line-height: 1;\"><span style=\"font-family: Alegreya; font-size: 24pt; letter-spacing: inherit; font-weight: 500; font-style: normal;\">Interpretaci\u00f3n del Himno Nacional para guitarra <\/span><\/p><p style=\"text-align: justify; letter-spacing: inherit; line-height: 1;\"><em><span style=\"font-family: Alegreya; font-size: 16pt; letter-spacing: inherit;\">por Betzy Josefina Simaj Tap\u00e1z de Rivera<\/span><\/em><\/p><p style=\"text-align: justify; letter-spacing: inherit; line-height: 1.5;\"><span style=\"font-family: Alegreya; font-size: 14pt; letter-spacing: inherit; font-weight: 400; font-style: normal;\">Desde muy joven gust\u00f3 de tocar la guitarra, lo que la llev\u00f3 estudiar en la Escuela Superior de Arte de la Universidad de San Carlos de Guatemala, egresada de la primera promoci\u00f3n de la Licenciatura en M\u00fasica.<\/span><br><span style=\"font-family: Alegreya; font-size: 14pt; letter-spacing: inherit; font-weight: 400; font-style: normal;\">Desde inicios de sus estudios se interes\u00f3 en la investigaci\u00f3n de la m\u00fasica guatemalteca original, en especial para guitarra sola. Esto la llev\u00f3 a descubrir y dar seguimiento a la m\u00fasica del Himno Nacional de Guatemala y descubrir que fue primero creada para guitarra cl\u00e1sica. Con el apoyo de varios de sus maestros ha sido posible la digitalizaci\u00f3n y el rescate de esta importante obra. Aprender a interpretarlo, considera, adem\u00e1s de una satisfacci\u00f3n personal, un legado importante para los m\u00fasicos y futuras generaciones en el pa\u00eds.<\/span><\/p><\/div><\/div><\/div><\/div><\/div><div class=\"vce-col vce-col--md-30p vce-col--xs-1 vce-col--xs-last vce-col--xs-first vce-col--sm-last vce-col--sm-first vce-col--md-last vce-col--lg-last vce-col--xl-last\" id=\"el-477e6643\"><div class=\"vce-col-inner\" data-vce-do-apply=\"border margin background  el-477e6643\"><div class=\"vce-content-background-container\"><\/div><div class=\"vce-col-content\" data-vce-element-content=\"true\" data-vce-do-apply=\"padding el-477e6643\"><div class=\"vce-shortcode\"><div class=\"vce-shortcode-wrapper vce\" id=\"el-50b486ef\" data-vce-do-apply=\"all el-50b486ef\">        \r\n    <div>\r\n        <div id=\"h5ap69d2338db92f6\" class=\"h5ap_standard_player\" style='width:100%;margin:0 auto;max-width: 100%;'>\r\n            <audio class=\"player\" playsinline controls  >\r\n                <source src=\"https:\/\/incyt.url.edu.gt\/museo-virtual\/wp-content\/uploads\/2021\/09\/interpretacion_himno.mp3\"  type=\"audio\/mp3\" \/>\r\n                Your browser does not support the audio element.\r\n            <\/audio>\r\n        <\/div>\r\n    <\/div>\r\n\r\n    <\/div><\/div><\/div><\/div><\/div><\/div><\/div><\/div>\n","protected":false},"excerpt":{"rendered":"<p>Himno Nacional y su partitura originalLa historia de la guitarra en Guatemala es escasa pues, en ocasiones, se ha olvidado documentar las obras musicales compuestas para este instrumento. Este proyecto del Centro Virtual de Patrimonio de Artes Land\u00edvar tiene como objetivo difundir el origen de la m\u00fasica del Himno Nacional, [&hellip;]<\/p>\n","protected":false},"author":1,"featured_media":0,"parent":0,"menu_order":0,"comment_status":"closed","ping_status":"closed","template":"page-templates\/template-fullwidth.php","meta":{"_links_to":"","_links_to_target":""},"_links":{"self":[{"href":"https:\/\/incyt.url.edu.gt\/museo-virtual\/index.php?rest_route=\/wp\/v2\/pages\/946"}],"collection":[{"href":"https:\/\/incyt.url.edu.gt\/museo-virtual\/index.php?rest_route=\/wp\/v2\/pages"}],"about":[{"href":"https:\/\/incyt.url.edu.gt\/museo-virtual\/index.php?rest_route=\/wp\/v2\/types\/page"}],"author":[{"embeddable":true,"href":"https:\/\/incyt.url.edu.gt\/museo-virtual\/index.php?rest_route=\/wp\/v2\/users\/1"}],"replies":[{"embeddable":true,"href":"https:\/\/incyt.url.edu.gt\/museo-virtual\/index.php?rest_route=%2Fwp%2Fv2%2Fcomments&post=946"}],"version-history":[{"count":5,"href":"https:\/\/incyt.url.edu.gt\/museo-virtual\/index.php?rest_route=\/wp\/v2\/pages\/946\/revisions"}],"predecessor-version":[{"id":967,"href":"https:\/\/incyt.url.edu.gt\/museo-virtual\/index.php?rest_route=\/wp\/v2\/pages\/946\/revisions\/967"}],"wp:attachment":[{"href":"https:\/\/incyt.url.edu.gt\/museo-virtual\/index.php?rest_route=%2Fwp%2Fv2%2Fmedia&parent=946"}],"curies":[{"name":"wp","href":"https:\/\/api.w.org\/{rel}","templated":true}]}}